{"id":17794,"date":"2025-09-25T14:35:37","date_gmt":"2025-09-25T19:35:37","guid":{"rendered":"https:\/\/sacharfotovoltaica.com\/web\/?page_id=17794"},"modified":"2025-10-08T17:34:20","modified_gmt":"2025-10-08T22:34:20","slug":"comerciales","status":"publish","type":"page","link":"https:\/\/sacharfotovoltaica.com\/web\/comerciales\/","title":{"rendered":"COMERCIALES"},"content":{"rendered":"\t\t<div data-elementor-type=\"wp-page\" data-elementor-id=\"17794\" class=\"elementor elementor-17794\">\n\t\t\t\t<div class=\"elementor-element elementor-element-d6edc25 e-flex e-con-boxed e-con e-parent\" data-id=\"d6edc25\" data-element_type=\"container\" data-e-type=\"container\">\n\t\t\t\t\t<div class=\"e-con-inner\">\n\t\t<div class=\"elementor-element elementor-element-1b5f647 e-con-full e-flex e-con e-child\" data-id=\"1b5f647\" data-element_type=\"container\" data-e-type=\"container\">\n\t\t\t\t<div class=\"elementor-element elementor-element-43962a7 elementor-widget elementor-widget-text-editor\" data-id=\"43962a7\" data-element_type=\"widget\" data-e-type=\"widget\" data-widget_type=\"text-editor.default\">\n\t\t\t\t<div class=\"elementor-widget-container\">\n\t\t\t\t\t\t\t\t\t<h3><span style=\"color: #008000;\">\u00a0MESA DE LOS SANTOS<\/span><\/h3><ul><li data-start=\"88\" data-end=\"115\"><span style=\"color: #000000;\"><strong data-start=\"88\" data-end=\"110\">N\u00famero de paneles:<\/strong> 10<\/span><\/li><li data-start=\"88\" data-end=\"115\"><strong style=\"color: #000000;\" data-start=\"118\" data-end=\"138\">Tipo de sistema:<\/strong><span style=\"color: #000000;\"> Conectado a red<\/span><\/li><li data-start=\"159\" data-end=\"193\"><span style=\"color: #000000;\"><strong data-start=\"159\" data-end=\"182\">Tama\u00f1o del sistema:<\/strong> 5,30 kWp<\/span><\/li><li data-start=\"196\" data-end=\"239\"><span style=\"color: #000000;\"><strong data-start=\"196\" data-end=\"220\">Generaci\u00f3n estimada: <\/strong>667,8 kWh\/mes<\/span><\/li><\/ul>\t\t\t\t\t\t\t\t<\/div>\n\t\t\t\t<\/div>\n\t\t\t\t<\/div>\n\t\t<div class=\"elementor-element elementor-element-6723295 e-con-full e-flex e-con e-child\" data-id=\"6723295\" data-element_type=\"container\" data-e-type=\"container\">\n\t\t\t\t<div class=\"elementor-element elementor-element-224632b elementor-widget elementor-widget-text-editor\" data-id=\"224632b\" data-element_type=\"widget\" data-e-type=\"widget\" data-widget_type=\"text-editor.default\">\n\t\t\t\t<div class=\"elementor-widget-container\">\n\t\t\t\t\t\t\t\t\t<h3><span style=\"color: #008000;\">DAGAZ SUITE<\/span><\/h3><ul><li data-start=\"88\" data-end=\"115\"><span style=\"color: #000000;\"><strong data-start=\"88\" data-end=\"110\">N\u00famero de paneles:<\/strong> 104<\/span><\/li><li data-start=\"88\" data-end=\"115\"><strong style=\"color: #000000;\" data-start=\"118\" data-end=\"138\">Tipo de sistema:<\/strong><span style=\"color: #000000;\"> Conectado a red<\/span><\/li><li data-start=\"159\" data-end=\"193\"><span style=\"color: #000000;\"><strong data-start=\"159\" data-end=\"182\">Tama\u00f1o del sistema:<\/strong> 72,80 kWp<\/span><\/li><li data-start=\"196\" data-end=\"239\"><span style=\"color: #000000;\"><strong data-start=\"196\" data-end=\"220\">Generaci\u00f3n estimada: <\/strong>9172,8 kWh\/mes<\/span><\/li><\/ul>\t\t\t\t\t\t\t\t<\/div>\n\t\t\t\t<\/div>\n\t\t\t\t<\/div>\n\t\t\t\t\t<\/div>\n\t\t\t\t<\/div>\n\t\t<div class=\"elementor-element elementor-element-4079e37 e-flex e-con-boxed e-con e-parent\" data-id=\"4079e37\" data-element_type=\"container\" data-e-type=\"container\">\n\t\t\t\t\t<div class=\"e-con-inner\">\n\t\t<div class=\"elementor-element elementor-element-f714a70 e-con-full e-flex e-con e-child\" data-id=\"f714a70\" data-element_type=\"container\" data-e-type=\"container\">\n\t\t\t\t<div class=\"elementor-element elementor-element-c0af799 elementor-arrows-position-inside elementor-pagination-position-outside elementor-widget elementor-widget-image-carousel\" data-id=\"c0af799\" data-element_type=\"widget\" data-e-type=\"widget\" data-settings=\"{&quot;slides_to_show&quot;:&quot;1&quot;,&quot;navigation&quot;:&quot;both&quot;,&quot;autoplay&quot;:&quot;yes&quot;,&quot;pause_on_hover&quot;:&quot;yes&quot;,&quot;pause_on_interaction&quot;:&quot;yes&quot;,&quot;autoplay_speed&quot;:5000,&quot;infinite&quot;:&quot;yes&quot;,&quot;effect&quot;:&quot;slide&quot;,&quot;speed&quot;:500}\" data-widget_type=\"image-carousel.default\">\n\t\t\t\t<div class=\"elementor-widget-container\">\n\t\t\t\t\t\t\t<div class=\"elementor-image-carousel-wrapper swiper\" role=\"region\" aria-roledescription=\"carousel\" aria-label=\"Carrusel de im\u00e1genes\" dir=\"ltr\">\n\t\t\t<div class=\"elementor-image-carousel swiper-wrapper\" aria-live=\"off\">\n\t\t\t\t\t\t\t\t<div class=\"swiper-slide\" role=\"group\" aria-roledescription=\"slide\" aria-label=\"1 of 2\"><figure class=\"swiper-slide-inner\"><img decoding=\"async\" class=\"swiper-slide-image\" src=\"https:\/\/sacharfotovoltaica.com\/web\/wp-content\/uploads\/2025\/10\/IMG_20220228_102650_1-300x300.jpg\" alt=\"IMG_20220228_102650_1\" \/><\/figure><\/div><div class=\"swiper-slide\" role=\"group\" aria-roledescription=\"slide\" aria-label=\"2 of 2\"><figure class=\"swiper-slide-inner\"><img decoding=\"async\" class=\"swiper-slide-image\" src=\"https:\/\/sacharfotovoltaica.com\/web\/wp-content\/uploads\/2025\/10\/1646149845710-300x300.jpg\" alt=\"1646149845710\" \/><\/figure><\/div>\t\t\t<\/div>\n\t\t\t\t\t\t\t\t\t\t\t\t<div class=\"elementor-swiper-button elementor-swiper-button-prev\" role=\"button\" tabindex=\"0\">\n\t\t\t\t\t\t<svg aria-hidden=\"true\" class=\"e-font-icon-svg e-eicon-chevron-left\" viewBox=\"0 0 1000 1000\" xmlns=\"http:\/\/www.w3.org\/2000\/svg\"><path d=\"M646 125C629 125 613 133 604 142L308 442C296 454 292 471 292 487 292 504 296 521 308 533L604 854C617 867 629 875 646 875 663 875 679 871 692 858 704 846 713 829 713 812 713 796 708 779 692 767L438 487 692 225C700 217 708 204 708 187 708 171 704 154 692 142 675 129 663 125 646 125Z\"><\/path><\/svg>\t\t\t\t\t<\/div>\n\t\t\t\t\t<div class=\"elementor-swiper-button elementor-swiper-button-next\" role=\"button\" tabindex=\"0\">\n\t\t\t\t\t\t<svg aria-hidden=\"true\" class=\"e-font-icon-svg e-eicon-chevron-right\" viewBox=\"0 0 1000 1000\" xmlns=\"http:\/\/www.w3.org\/2000\/svg\"><path d=\"M696 533C708 521 713 504 713 487 713 471 708 454 696 446L400 146C388 133 375 125 354 125 338 125 325 129 313 142 300 154 292 171 292 187 292 204 296 221 308 233L563 492 304 771C292 783 288 800 288 817 288 833 296 850 308 863 321 871 338 875 354 875 371 875 388 867 400 854L696 533Z\"><\/path><\/svg>\t\t\t\t\t<\/div>\n\t\t\t\t\n\t\t\t\t\t\t\t\t\t<div class=\"swiper-pagination\"><\/div>\n\t\t\t\t\t\t\t\t\t<\/div>\n\t\t\t\t\t\t<\/div>\n\t\t\t\t<\/div>\n\t\t\t\t<\/div>\n\t\t<div class=\"elementor-element elementor-element-cc2ac8f e-con-full e-flex e-con e-child\" data-id=\"cc2ac8f\" data-element_type=\"container\" data-e-type=\"container\">\n\t\t\t\t<div class=\"elementor-element elementor-element-508ce6d elementor-arrows-position-inside elementor-pagination-position-outside elementor-widget elementor-widget-image-carousel\" data-id=\"508ce6d\" data-element_type=\"widget\" data-e-type=\"widget\" data-settings=\"{&quot;slides_to_show&quot;:&quot;1&quot;,&quot;navigation&quot;:&quot;both&quot;,&quot;autoplay&quot;:&quot;yes&quot;,&quot;pause_on_hover&quot;:&quot;yes&quot;,&quot;pause_on_interaction&quot;:&quot;yes&quot;,&quot;autoplay_speed&quot;:5000,&quot;infinite&quot;:&quot;yes&quot;,&quot;effect&quot;:&quot;slide&quot;,&quot;speed&quot;:500}\" data-widget_type=\"image-carousel.default\">\n\t\t\t\t<div class=\"elementor-widget-container\">\n\t\t\t\t\t\t\t<div class=\"elementor-image-carousel-wrapper swiper\" role=\"region\" aria-roledescription=\"carousel\" aria-label=\"Carrusel de im\u00e1genes\" dir=\"ltr\">\n\t\t\t<div class=\"elementor-image-carousel swiper-wrapper\" aria-live=\"off\">\n\t\t\t\t\t\t\t\t<div class=\"swiper-slide\" role=\"group\" aria-roledescription=\"slide\" aria-label=\"1 of 3\"><figure class=\"swiper-slide-inner\"><img decoding=\"async\" class=\"swiper-slide-image\" src=\"https:\/\/sacharfotovoltaica.com\/web\/wp-content\/uploads\/2025\/10\/WhatsApp-Image-2025-03-11-at-12.20.19-PM-300x300.jpeg\" alt=\"WhatsApp Image 2025-03-11 at 12.20.19 PM\" \/><\/figure><\/div><div class=\"swiper-slide\" role=\"group\" aria-roledescription=\"slide\" aria-label=\"2 of 3\"><figure class=\"swiper-slide-inner\"><img decoding=\"async\" class=\"swiper-slide-image\" src=\"https:\/\/sacharfotovoltaica.com\/web\/wp-content\/uploads\/2025\/10\/WhatsApp-Image-2025-03-17-at-10.23.38-AM-3-300x300.jpeg\" alt=\"WhatsApp Image 2025-03-17 at 10.23.38 AM (3)\" \/><\/figure><\/div><div class=\"swiper-slide\" role=\"group\" aria-roledescription=\"slide\" aria-label=\"3 of 3\"><figure class=\"swiper-slide-inner\"><img decoding=\"async\" class=\"swiper-slide-image\" src=\"https:\/\/sacharfotovoltaica.com\/web\/wp-content\/uploads\/2025\/10\/WhatsApp-Image-2025-03-17-at-10.23.36-AM-2-300x300.jpeg\" alt=\"WhatsApp Image 2025-03-17 at 10.23.36 AM (2)\" \/><\/figure><\/div>\t\t\t<\/div>\n\t\t\t\t\t\t\t\t\t\t\t\t<div class=\"elementor-swiper-button elementor-swiper-button-prev\" role=\"button\" tabindex=\"0\">\n\t\t\t\t\t\t<svg aria-hidden=\"true\" class=\"e-font-icon-svg e-eicon-chevron-left\" viewBox=\"0 0 1000 1000\" xmlns=\"http:\/\/www.w3.org\/2000\/svg\"><path d=\"M646 125C629 125 613 133 604 142L308 442C296 454 292 471 292 487 292 504 296 521 308 533L604 854C617 867 629 875 646 875 663 875 679 871 692 858 704 846 713 829 713 812 713 796 708 779 692 767L438 487 692 225C700 217 708 204 708 187 708 171 704 154 692 142 675 129 663 125 646 125Z\"><\/path><\/svg>\t\t\t\t\t<\/div>\n\t\t\t\t\t<div class=\"elementor-swiper-button elementor-swiper-button-next\" role=\"button\" tabindex=\"0\">\n\t\t\t\t\t\t<svg aria-hidden=\"true\" class=\"e-font-icon-svg e-eicon-chevron-right\" viewBox=\"0 0 1000 1000\" xmlns=\"http:\/\/www.w3.org\/2000\/svg\"><path d=\"M696 533C708 521 713 504 713 487 713 471 708 454 696 446L400 146C388 133 375 125 354 125 338 125 325 129 313 142 300 154 292 171 292 187 292 204 296 221 308 233L563 492 304 771C292 783 288 800 288 817 288 833 296 850 308 863 321 871 338 875 354 875 371 875 388 867 400 854L696 533Z\"><\/path><\/svg>\t\t\t\t\t<\/div>\n\t\t\t\t\n\t\t\t\t\t\t\t\t\t<div class=\"swiper-pagination\"><\/div>\n\t\t\t\t\t\t\t\t\t<\/div>\n\t\t\t\t\t\t<\/div>\n\t\t\t\t<\/div>\n\t\t\t\t<\/div>\n\t\t\t\t\t<\/div>\n\t\t\t\t<\/div>\n\t\t<div class=\"elementor-element elementor-element-432cc2c e-flex e-con-boxed e-con e-parent\" data-id=\"432cc2c\" data-element_type=\"container\" data-e-type=\"container\">\n\t\t\t\t\t<div class=\"e-con-inner\">\n\t\t<div class=\"elementor-element elementor-element-6cae604 e-con-full e-flex e-con e-child\" data-id=\"6cae604\" data-element_type=\"container\" data-e-type=\"container\">\n\t\t\t\t<div class=\"elementor-element elementor-element-c2fa97c elementor-widget elementor-widget-text-editor\" data-id=\"c2fa97c\" data-element_type=\"widget\" data-e-type=\"widget\" data-widget_type=\"text-editor.default\">\n\t\t\t\t<div class=\"elementor-widget-container\">\n\t\t\t\t\t\t\t\t\t<h3><span style=\"color: #008000;\">SACHAR APARTAHOTEL<\/span><\/h3><ul><li data-start=\"88\" data-end=\"115\"><span style=\"color: #000000;\"><strong data-start=\"88\" data-end=\"110\">N\u00famero de paneles:<\/strong> 45<\/span><\/li><li data-start=\"88\" data-end=\"115\"><strong style=\"color: #000000;\" data-start=\"118\" data-end=\"138\">Tipo de sistema:<\/strong><span style=\"color: #000000;\"> H\u00edbrido<\/span><\/li><li data-start=\"159\" data-end=\"193\"><span style=\"color: #000000;\"><strong data-start=\"159\" data-end=\"182\">Tama\u00f1o del sistema:<\/strong> 31,95 kWp<\/span><\/li><li data-start=\"196\" data-end=\"239\"><span style=\"color: #000000;\"><strong data-start=\"196\" data-end=\"220\">Generaci\u00f3n estimada: <\/strong>4025,7 kWh\/mes<\/span><\/li><\/ul>\t\t\t\t\t\t\t\t<\/div>\n\t\t\t\t<\/div>\n\t\t\t\t<\/div>\n\t\t<div class=\"elementor-element elementor-element-4876aec e-con-full e-flex e-con e-child\" data-id=\"4876aec\" data-element_type=\"container\" data-e-type=\"container\">\n\t\t\t\t<\/div>\n\t\t\t\t\t<\/div>\n\t\t\t\t<\/div>\n\t\t<div class=\"elementor-element elementor-element-7f639fa e-flex e-con-boxed e-con e-parent\" data-id=\"7f639fa\" data-element_type=\"container\" data-e-type=\"container\">\n\t\t\t\t\t<div class=\"e-con-inner\">\n\t\t<div class=\"elementor-element elementor-element-a805ed9 e-con-full e-flex e-con e-child\" data-id=\"a805ed9\" data-element_type=\"container\" data-e-type=\"container\">\n\t\t\t\t<div class=\"elementor-element elementor-element-c40c604 elementor-arrows-position-inside elementor-pagination-position-outside elementor-widget elementor-widget-image-carousel\" data-id=\"c40c604\" data-element_type=\"widget\" data-e-type=\"widget\" data-settings=\"{&quot;slides_to_show&quot;:&quot;1&quot;,&quot;navigation&quot;:&quot;both&quot;,&quot;autoplay&quot;:&quot;yes&quot;,&quot;pause_on_hover&quot;:&quot;yes&quot;,&quot;pause_on_interaction&quot;:&quot;yes&quot;,&quot;autoplay_speed&quot;:5000,&quot;infinite&quot;:&quot;yes&quot;,&quot;effect&quot;:&quot;slide&quot;,&quot;speed&quot;:500}\" data-widget_type=\"image-carousel.default\">\n\t\t\t\t<div class=\"elementor-widget-container\">\n\t\t\t\t\t\t\t<div class=\"elementor-image-carousel-wrapper swiper\" role=\"region\" aria-roledescription=\"carousel\" aria-label=\"Carrusel de im\u00e1genes\" dir=\"ltr\">\n\t\t\t<div class=\"elementor-image-carousel swiper-wrapper\" aria-live=\"off\">\n\t\t\t\t\t\t\t\t<div class=\"swiper-slide\" role=\"group\" aria-roledescription=\"slide\" aria-label=\"1 of 3\"><figure class=\"swiper-slide-inner\"><img decoding=\"async\" class=\"swiper-slide-image\" src=\"https:\/\/sacharfotovoltaica.com\/web\/wp-content\/uploads\/2025\/10\/WhatsApp-Image-2025-06-10-at-11.46.29-AM-2-300x300.jpeg\" alt=\"WhatsApp Image 2025-06-10 at 11.46.29 AM (2)\" \/><\/figure><\/div><div class=\"swiper-slide\" role=\"group\" aria-roledescription=\"slide\" aria-label=\"2 of 3\"><figure class=\"swiper-slide-inner\"><img decoding=\"async\" class=\"swiper-slide-image\" src=\"https:\/\/sacharfotovoltaica.com\/web\/wp-content\/uploads\/2025\/10\/WhatsApp-Image-2025-06-10-at-11.46.28-AM-300x300.jpeg\" alt=\"WhatsApp Image 2025-06-10 at 11.46.28 AM\" \/><\/figure><\/div><div class=\"swiper-slide\" role=\"group\" aria-roledescription=\"slide\" aria-label=\"3 of 3\"><figure class=\"swiper-slide-inner\"><img decoding=\"async\" class=\"swiper-slide-image\" src=\"https:\/\/sacharfotovoltaica.com\/web\/wp-content\/uploads\/2025\/10\/WhatsApp-Image-2025-06-10-at-11.46.31-AM-1-300x300.jpeg\" alt=\"WhatsApp Image 2025-06-10 at 11.46.31 AM (1)\" \/><\/figure><\/div>\t\t\t<\/div>\n\t\t\t\t\t\t\t\t\t\t\t\t<div class=\"elementor-swiper-button elementor-swiper-button-prev\" role=\"button\" tabindex=\"0\">\n\t\t\t\t\t\t<svg aria-hidden=\"true\" class=\"e-font-icon-svg e-eicon-chevron-left\" viewBox=\"0 0 1000 1000\" xmlns=\"http:\/\/www.w3.org\/2000\/svg\"><path d=\"M646 125C629 125 613 133 604 142L308 442C296 454 292 471 292 487 292 504 296 521 308 533L604 854C617 867 629 875 646 875 663 875 679 871 692 858 704 846 713 829 713 812 713 796 708 779 692 767L438 487 692 225C700 217 708 204 708 187 708 171 704 154 692 142 675 129 663 125 646 125Z\"><\/path><\/svg>\t\t\t\t\t<\/div>\n\t\t\t\t\t<div class=\"elementor-swiper-button elementor-swiper-button-next\" role=\"button\" tabindex=\"0\">\n\t\t\t\t\t\t<svg aria-hidden=\"true\" class=\"e-font-icon-svg e-eicon-chevron-right\" viewBox=\"0 0 1000 1000\" xmlns=\"http:\/\/www.w3.org\/2000\/svg\"><path d=\"M696 533C708 521 713 504 713 487 713 471 708 454 696 446L400 146C388 133 375 125 354 125 338 125 325 129 313 142 300 154 292 171 292 187 292 204 296 221 308 233L563 492 304 771C292 783 288 800 288 817 288 833 296 850 308 863 321 871 338 875 354 875 371 875 388 867 400 854L696 533Z\"><\/path><\/svg>\t\t\t\t\t<\/div>\n\t\t\t\t\n\t\t\t\t\t\t\t\t\t<div class=\"swiper-pagination\"><\/div>\n\t\t\t\t\t\t\t\t\t<\/div>\n\t\t\t\t\t\t<\/div>\n\t\t\t\t<\/div>\n\t\t\t\t<\/div>\n\t\t<div class=\"elementor-element elementor-element-4a8fb73 e-con-full e-flex e-con e-child\" data-id=\"4a8fb73\" data-element_type=\"container\" data-e-type=\"container\">\n\t\t\t\t<\/div>\n\t\t\t\t\t<\/div>\n\t\t\t\t<\/div>\n\t\t\t\t<\/div>\n\t\t","protected":false},"excerpt":{"rendered":"<p>\u00a0MESA DE LOS SANTOS N\u00famero de paneles: 10 Tipo de sistema: Conectado a red Tama\u00f1o del sistema: 5,30 kWp Generaci\u00f3n estimada: 667,8 kWh\/mes DAGAZ SUITE N\u00famero de paneles: 104 Tipo de sistema: Conectado a red Tama\u00f1o del sistema: 72,80 kWp Generaci\u00f3n estimada: 9172,8 kWh\/mes SACHAR APARTAHOTEL N\u00famero de paneles: 45 Tipo de sistema: H\u00edbrido Tama\u00f1o<\/p>\n","protected":false},"author":1,"featured_media":0,"parent":0,"menu_order":0,"comment_status":"closed","ping_status":"closed","template":"","meta":{"footnotes":""},"class_list":["post-17794","page","type-page","status-publish","hentry"],"wpcf_dashboard":"<div class=\"woocommerce\"><div class=\"woocommerce-info\">Por favor, \u00bfaccedes primero? <a class=\"wpneoShowLogin\" href=\"#\">Haz clic aqu\u00ed para acceder<\/a><\/div><div class=\"wpneo_login_form_div\" style=\"display: none;\"><form name=\"loginform\" id=\"loginform\" action=\"https:\/\/sacharfotovoltaica.com\/web\/wp-login.php\" method=\"post\"><p class=\"login-username\">\n\t\t\t\t<label for=\"user_login\">Nombre de usuario o direcci\u00f3n de correo<\/label>\n\t\t\t\t<input type=\"text\" name=\"log\" id=\"user_login\" autocomplete=\"username\" class=\"input\" value=\"\" size=\"20\" \/>\n\t\t\t<\/p><p class=\"login-password\">\n\t\t\t\t<label for=\"user_pass\">Contrase\u00f1a<\/label>\n\t\t\t\t<input type=\"password\" name=\"pwd\" id=\"user_pass\" autocomplete=\"current-password\" spellcheck=\"false\" class=\"input\" value=\"\" size=\"20\" \/>\n\t\t\t<\/p><p class=\"login-remember\"><label><input name=\"rememberme\" type=\"checkbox\" id=\"rememberme\" value=\"forever\" \/> Recu\u00e9rdame<\/label><\/p><p class=\"login-submit\">\n\t\t\t\t<input type=\"submit\" name=\"wp-submit\" id=\"wp-submit\" class=\"button button-primary\" value=\"Acceder\" \/>\n\t\t\t\t<input type=\"hidden\" name=\"redirect_to\" value=\"https:\/\/sacharfotovoltaica.com\/web\/wp-json\/wp\/v2\/pages\/17794\" \/>\n\t\t\t<\/p><\/form><\/div><\/div>","_links":{"self":[{"href":"https:\/\/sacharfotovoltaica.com\/web\/wp-json\/wp\/v2\/pages\/17794","targetHints":{"allow":["GET"]}}],"collection":[{"href":"https:\/\/sacharfotovoltaica.com\/web\/wp-json\/wp\/v2\/pages"}],"about":[{"href":"https:\/\/sacharfotovoltaica.com\/web\/wp-json\/wp\/v2\/types\/page"}],"author":[{"embeddable":true,"href":"https:\/\/sacharfotovoltaica.com\/web\/wp-json\/wp\/v2\/users\/1"}],"replies":[{"embeddable":true,"href":"https:\/\/sacharfotovoltaica.com\/web\/wp-json\/wp\/v2\/comments?post=17794"}],"version-history":[{"count":10,"href":"https:\/\/sacharfotovoltaica.com\/web\/wp-json\/wp\/v2\/pages\/17794\/revisions"}],"predecessor-version":[{"id":17945,"href":"https:\/\/sacharfotovoltaica.com\/web\/wp-json\/wp\/v2\/pages\/17794\/revisions\/17945"}],"wp:attachment":[{"href":"https:\/\/sacharfotovoltaica.com\/web\/wp-json\/wp\/v2\/media?parent=17794"}],"curies":[{"name":"wp","href":"https:\/\/api.w.org\/{rel}","templated":true}]}}